{"id":98,"date":"2021-05-31T09:43:10","date_gmt":"2021-05-31T09:43:10","guid":{"rendered":"https:\/\/fgh.com.mx\/portal\/?page_id=98"},"modified":"2025-07-18T19:41:52","modified_gmt":"2025-07-18T19:41:52","slug":"acerca-de-nosotros","status":"publish","type":"page","link":"https:\/\/fgh.com.mx\/portal\/en\/acerca-de-nosotros\/","title":{"rendered":"About us"},"content":{"rendered":"<div class=\"wpb-content-wrapper\"><div data-vc-full-width=\"true\" data-vc-full-width-temp=\"true\" data-vc-full-width-init=\"false\" class=\"vc_row wpb_row vc_row-fluid vc_custom_1513855773026 vc_row-has-fill hide_bg_image_on_mobile\"><div class=\"wpb_column vc_column_container vc_col-sm-6 sc_layouts_column_icons_position_left\"><div class=\"vc_column-inner\"><div class=\"wpb_wrapper\"><\/div><\/div><\/div><div class=\"wpb_column vc_column_container vc_col-sm-6 sc_layouts_column_icons_position_left\"><div class=\"vc_column-inner\"><div class=\"wpb_wrapper\"><div class=\"vc_empty_space  height_huge\"   style=\"height: 32px\"><span class=\"vc_empty_space_inner\"><\/span><\/div><div id=\"sc_title_1734210532\"\n\t\tclass=\"sc_title color_style_default sc_title_alter\"><h6 class=\"sc_item_subtitle sc_title_subtitle sc_align_left sc_item_title_style_alter\">Descripci\u00f3n general<\/h6><h3 class=\"sc_item_title sc_title_title sc_align_left sc_item_title_style_alter\">Franco Goerne Hernandez y Asociados SC<\/h3><div class=\"sc_item_descr sc_title_descr sc_align_left\"><p>FGH es una firma que nace formalmente en 2007, con mas de 30 a\u00f1os de experiencia de sus fundadores en proyectos y servicios con clientes Instucionales. Destacando Reestructuraciones operativas y Financieras, Fusiones y Adquisicones, Estructuracion de Financiamientos Publicos y Privados asi como operaciones de Capital Publico y Privado.<\/p>\n<\/div><\/div><!-- \/.sc_title --><div class=\"vc_empty_space  vc_custom_1512642535049 height_huge\"   style=\"height: 32px\"><span class=\"vc_empty_space_inner\"><\/span><\/div><\/div><\/div><\/div><\/div><div class=\"vc_row-full-width vc_clearfix\"><\/div><div class=\"vc_row wpb_row vc_row-fluid\"><div class=\"wpb_column vc_column_container vc_col-sm-12 sc_layouts_column_icons_position_left\"><div class=\"vc_column-inner\"><div class=\"wpb_wrapper\"><div class=\"sc_content_wrap sc_push_large sc_push_hide_on_mobile\"><div id=\"sc_content_922907300\"\n\t\tclass=\"sc_content color_style_default sc_content_default sc_float_center\"><div class=\"sc_content_container\"><div class=\"vc_empty_space  vc_custom_1512643980356 height_small\"   style=\"height: 32px\"><span class=\"vc_empty_space_inner\"><\/span><\/div><div id=\"sc_services_813796840\" class=\"sc_services color_style_default sc_services_default sc_services_featured_top\"><div class=\"sc_services_columns_wrap sc_item_columns sc_item_columns_5 trx_addons_columns_wrap columns_padding_bottom\"><div class=\"trx_addons_column-1_5\"><div class=\"sc_services_item without_content with_icon sc_services_item_featured_top\">\n\t<a href=\"https:\/\/fgh.com.mx\/portal\/en\/services\/institucionalizacion\/\"\n\t\t\t\t id=\"sc_services_813796840_icon-003-approach_1\"\n\t\t\t\t class=\"sc_services_item_icon icon-003-approach\"><\/a>\t\n\t<div class=\"sc_services_item_info\">\n\t\t<div class=\"sc_services_item_header\">\n\t\t\t<h6 class=\"sc_services_item_title\"><a href=\"https:\/\/fgh.com.mx\/portal\/en\/services\/institucionalizacion\/\">Institucionalizaci\u00f3n<\/a><\/h6>\n\t\t\t<div class=\"sc_services_item_subtitle\"><a href=\"https:\/\/fgh.com.mx\/portal\/en\/services_group\/welcome-to-us\/\" title=\"View all posts in Welcome To Us\">Welcome To Us<\/a><\/div>\n\t\t<\/div>\n\t\t\t\t<div class=\"sc_services_item_button sc_item_button cases_btn_row\"><a href=\"https:\/\/fgh.com.mx\/portal\/en\/services\/institucionalizacion\/\" class=\"cases_btn sc_services\">View Case<\/a><\/div>\n\t<\/div>\n<\/div>\n<\/div><div class=\"trx_addons_column-1_5\"><div class=\"sc_services_item without_content with_icon sc_services_item_featured_top\">\n\t<a href=\"https:\/\/fgh.com.mx\/portal\/en\/services\/proyectos_crecimiento_planes_negocio\/\"\n\t\t\t\t id=\"sc_services_813796840_icon-007-idea_2\"\n\t\t\t\t class=\"sc_services_item_icon icon-007-idea\"><\/a>\t\n\t<div class=\"sc_services_item_info\">\n\t\t<div class=\"sc_services_item_header\">\n\t\t\t<h6 class=\"sc_services_item_title\"><a href=\"https:\/\/fgh.com.mx\/portal\/en\/services\/proyectos_crecimiento_planes_negocio\/\">Proyectos de crecimiento y Planes de Negocio<\/a><\/h6>\n\t\t\t<div class=\"sc_services_item_subtitle\"><a href=\"https:\/\/fgh.com.mx\/portal\/en\/services_group\/welcome-to-us\/\" title=\"View all posts in Welcome To Us\">Welcome To Us<\/a><\/div>\n\t\t<\/div>\n\t\t\t\t<div class=\"sc_services_item_button sc_item_button cases_btn_row\"><a href=\"https:\/\/fgh.com.mx\/portal\/en\/services\/proyectos_crecimiento_planes_negocio\/\" class=\"cases_btn sc_services\">View Case<\/a><\/div>\n\t<\/div>\n<\/div>\n<\/div><div class=\"trx_addons_column-1_5\"><div class=\"sc_services_item without_content with_icon sc_services_item_featured_top\">\n\t<a href=\"https:\/\/fgh.com.mx\/portal\/en\/services\/reestructuras-financieras\/\"\n\t\t\t\t id=\"sc_services_813796840_icon-005-save-money_3\"\n\t\t\t\t class=\"sc_services_item_icon icon-005-save-money\"><\/a>\t\n\t<div class=\"sc_services_item_info\">\n\t\t<div class=\"sc_services_item_header\">\n\t\t\t<h6 class=\"sc_services_item_title\"><a href=\"https:\/\/fgh.com.mx\/portal\/en\/services\/reestructuras-financieras\/\">Reestructuras Financieras<\/a><\/h6>\n\t\t\t<div class=\"sc_services_item_subtitle\"><a href=\"https:\/\/fgh.com.mx\/portal\/en\/services_group\/welcome-to-us\/\" title=\"View all posts in Welcome To Us\">Welcome To Us<\/a><\/div>\n\t\t<\/div>\n\t\t\t\t<div class=\"sc_services_item_button sc_item_button cases_btn_row\"><a href=\"https:\/\/fgh.com.mx\/portal\/en\/services\/reestructuras-financieras\/\" class=\"cases_btn sc_services\">View Case<\/a><\/div>\n\t<\/div>\n<\/div>\n<\/div><div class=\"trx_addons_column-1_5\"><div class=\"sc_services_item without_content with_icon sc_services_item_featured_top\">\n\t<a href=\"https:\/\/fgh.com.mx\/portal\/en\/services\/reestructuras-operativas\/\"\n\t\t\t\t id=\"sc_services_813796840_icon-006-customize_4\"\n\t\t\t\t class=\"sc_services_item_icon icon-006-customize\"><\/a>\t\n\t<div class=\"sc_services_item_info\">\n\t\t<div class=\"sc_services_item_header\">\n\t\t\t<h6 class=\"sc_services_item_title\"><a href=\"https:\/\/fgh.com.mx\/portal\/en\/services\/reestructuras-operativas\/\">Reestructuras Operativas<\/a><\/h6>\n\t\t\t<div class=\"sc_services_item_subtitle\"><a href=\"https:\/\/fgh.com.mx\/portal\/en\/services_group\/welcome-to-us\/\" title=\"View all posts in Welcome To Us\">Welcome To Us<\/a><\/div>\n\t\t<\/div>\n\t\t\t\t<div class=\"sc_services_item_button sc_item_button cases_btn_row\"><a href=\"https:\/\/fgh.com.mx\/portal\/en\/services\/reestructuras-operativas\/\" class=\"cases_btn sc_services\">View Case<\/a><\/div>\n\t<\/div>\n<\/div>\n<\/div><div class=\"trx_addons_column-1_5\"><div class=\"sc_services_item without_content with_icon sc_services_item_featured_top\">\n\t<a href=\"https:\/\/fgh.com.mx\/portal\/en\/services\/colocacion-accionaria\/\"\n\t\t\t\t id=\"sc_services_813796840_icon-008-report_5\"\n\t\t\t\t class=\"sc_services_item_icon icon-008-report\"><\/a>\t\n\t<div class=\"sc_services_item_info\">\n\t\t<div class=\"sc_services_item_header\">\n\t\t\t<h6 class=\"sc_services_item_title\"><a href=\"https:\/\/fgh.com.mx\/portal\/en\/services\/colocacion-accionaria\/\">Colocaciones de Capital o Deuda<\/a><\/h6>\n\t\t\t<div class=\"sc_services_item_subtitle\"><a href=\"https:\/\/fgh.com.mx\/portal\/en\/services_group\/welcome-to-us\/\" title=\"View all posts in Welcome To Us\">Welcome To Us<\/a><\/div>\n\t\t<\/div>\n\t\t\t\t<div class=\"sc_services_item_button sc_item_button cases_btn_row\"><a href=\"https:\/\/fgh.com.mx\/portal\/en\/services\/colocacion-accionaria\/\" class=\"cases_btn sc_services\">View Case<\/a><\/div>\n\t<\/div>\n<\/div>\n<\/div><\/div><\/div><!-- \/.sc_services --><\/div><\/div><!-- \/.sc_content --><\/div><!-- \/.sc_content_wrap --><\/div><\/div><\/div><\/div><div class=\"vc_row wpb_row vc_row-fluid\"><div class=\"wpb_column vc_column_container vc_col-sm-12 sc_layouts_column_icons_position_left\"><div class=\"vc_column-inner\"><div class=\"wpb_wrapper\"><div class=\"vc_empty_space  height_tiny\"   style=\"height: 32px\"><span class=\"vc_empty_space_inner\"><\/span><\/div><div id=\"sc_title_1551293543\"\n\t\tclass=\"sc_title color_style_default sc_title_default\"><h3 class=\"sc_item_title sc_title_title sc_align_left sc_item_title_style_default\">Objetivo<\/h3><div class=\"sc_item_descr sc_title_descr sc_align_left\"><p>Proporcionar respuestas integrales a las necesidades empresariales buscando en todo momento la generaci\u00f3n de valor.<\/p>\n<\/div><\/div><!-- \/.sc_title --><\/div><\/div><\/div><\/div><div class=\"vc_row wpb_row vc_row-fluid\"><div class=\"wpb_column vc_column_container vc_col-sm-12 sc_layouts_column_icons_position_left\"><div class=\"vc_column-inner\"><div class=\"wpb_wrapper\"><div class=\"vc_empty_space  height_tiny\"   style=\"height: 32px\"><span class=\"vc_empty_space_inner\"><\/span><\/div><div id=\"sc_title_348632547\"\n\t\tclass=\"sc_title color_style_default sc_title_default\"><h3 class=\"sc_item_title sc_title_title sc_align_left sc_item_title_style_default\">Oferta de Valor<\/h3><div class=\"sc_item_descr sc_title_descr sc_align_left\"><p>Hemos conjuntado un Grupo de Especialistas reconocidos, por su trayectoria en el \u00e1mbito empresarial.<\/p>\n<p>El manejo y la Coordinaci\u00f3n de estos especialistas nos permite resolver los proyectos espec\u00edficos en forma Integral, con los consiguientes beneficios en la b\u00fasqueda de la generaci\u00f3n efectiva de valor.<\/p>\n<\/div><\/div><!-- \/.sc_title --><div class=\"vc_empty_space  height_tiny\"   style=\"height: 32px\"><span class=\"vc_empty_space_inner\"><\/span><\/div><\/div><\/div><\/div><\/div><div data-vc-full-width=\"true\" data-vc-full-width-temp=\"true\" data-vc-full-width-init=\"false\" class=\"vc_row wpb_row vc_row-fluid vc_custom_1512646310007 vc_row-has-fill scheme_dark\"><div class=\"wpb_column vc_column_container vc_col-sm-12 sc_layouts_column_icons_position_left\"><div class=\"vc_column-inner\"><div class=\"wpb_wrapper\"><div class=\"vc_empty_space  vc_custom_1512646559080 height_huge\"   style=\"height: 32px\"><span class=\"vc_empty_space_inner\"><\/span><\/div><div id=\"sc_title_166865867\"\n\t\tclass=\"sc_title color_style_default sc_title_default\"><h6 class=\"sc_item_subtitle sc_title_subtitle sc_align_center sc_item_title_style_default\">Soluciones innovadoras<\/h6><h1 class=\"sc_item_title sc_title_title sc_align_center sc_item_title_style_default sc_item_title_tag\">Estrategias personalizadas<\/h1><\/div><!-- \/.sc_title --><div class=\"vc_empty_space  height_tiny\"   style=\"height: 32px\"><span class=\"vc_empty_space_inner\"><\/span><\/div><div id=\"sc_title_1500580619\"\n\t\tclass=\"sc_title color_style_default sc_title_default\"><h3 class=\"sc_item_title sc_title_title sc_align_center sc_item_title_style_default sc_item_title_tag\">Para resolver sus problemas<\/h3><\/div><!-- \/.sc_title --><div class=\"vc_empty_space  vc_custom_1512646586891 height_small\"   style=\"height: 32px\"><span class=\"vc_empty_space_inner\"><\/span><\/div><div class=\"sc_item_button sc_button_wrap sc_align_center\"><a href=\"\/portal\/en\/contacts\/\" id=\"sc_button_911948628\" class=\"sc_button color_style_default sc_button_default sc_button_size_normal sc_button_icon_left\"><span class=\"sc_button_text sc_align_center\"><span class=\"sc_button_title\">Cact\u00e1ctanos<\/span><\/span><!-- \/.sc_button_text --><\/a><!-- \/.sc_button --><\/div><!-- \/.sc_item_button --><div class=\"vc_empty_space  vc_custom_1512646616528 height_huge\"   style=\"height: 32px\"><span class=\"vc_empty_space_inner\"><\/span><\/div><\/div><\/div><\/div><\/div><div class=\"vc_row-full-width vc_clearfix\"><\/div>\n<\/div>","protected":false},"excerpt":{"rendered":"Impulsando el desarrollo empresarial a trav\u00e9s de instrumentos financieros estrat\u00e9gicos En el din\u00e1mico entorno empresarial actual, las empresas que desean expandirse y asegurar una posici\u00f3n competitiva deben considerar diversas alternativas de financiamiento. Colocar capital o deuda constituye dos de las&hellip;","protected":false},"author":1,"featured_media":0,"parent":0,"menu_order":0,"comment_status":"closed","ping_status":"closed","template":"","meta":{"footnotes":""},"class_list":["post-98","page","type-page","status-publish","hentry"],"_links":{"self":[{"href":"https:\/\/fgh.com.mx\/portal\/en\/wp-json\/wp\/v2\/pages\/98","targetHints":{"allow":["GET"]}}],"collection":[{"href":"https:\/\/fgh.com.mx\/portal\/en\/wp-json\/wp\/v2\/pages"}],"about":[{"href":"https:\/\/fgh.com.mx\/portal\/en\/wp-json\/wp\/v2\/types\/page"}],"author":[{"embeddable":true,"href":"https:\/\/fgh.com.mx\/portal\/en\/wp-json\/wp\/v2\/users\/1"}],"replies":[{"embeddable":true,"href":"https:\/\/fgh.com.mx\/portal\/en\/wp-json\/wp\/v2\/comments?post=98"}],"version-history":[{"count":17,"href":"https:\/\/fgh.com.mx\/portal\/en\/wp-json\/wp\/v2\/pages\/98\/revisions"}],"predecessor-version":[{"id":1009,"href":"https:\/\/fgh.com.mx\/portal\/en\/wp-json\/wp\/v2\/pages\/98\/revisions\/1009"}],"wp:attachment":[{"href":"https:\/\/fgh.com.mx\/portal\/en\/wp-json\/wp\/v2\/media?parent=98"}],"curies":[{"name":"wp","href":"https:\/\/api.w.org\/{rel}","templated":true}]}}