{"id":718,"date":"2018-02-02T13:43:39","date_gmt":"2018-02-02T13:43:39","guid":{"rendered":"https:\/\/fgh.com.mx\/portal\/?page_id=718"},"modified":"2026-02-10T14:11:15","modified_gmt":"2026-02-10T14:11:15","slug":"servicios","status":"publish","type":"page","link":"https:\/\/fgh.com.mx\/portal\/en\/servicios\/","title":{"rendered":"Service"},"content":{"rendered":"<div class=\"wpb-content-wrapper\"><div class=\"vc_row wpb_row vc_row-fluid\"><div class=\"wpb_column vc_column_container vc_col-sm-12 sc_layouts_column_icons_position_left\"><div class=\"vc_column-inner\"><div class=\"wpb_wrapper\"><\/div><\/div><\/div><\/div><div data-vc-full-width=\"true\" data-vc-full-width-temp=\"true\" data-vc-full-width-init=\"false\" class=\"vc_row wpb_row vc_row-fluid vc_custom_1512646310007 vc_row-has-fill scheme_dark\"><div class=\"wpb_column vc_column_container vc_col-sm-12 sc_layouts_column_icons_position_left\"><div class=\"vc_column-inner\"><div class=\"wpb_wrapper\"><div class=\"vc_empty_space  vc_custom_1512646559080 height_huge\"   style=\"height: 32px\"><span class=\"vc_empty_space_inner\"><\/span><\/div><div id=\"sc_title_573132416\"\n\t\tclass=\"sc_title color_style_link3 scheme_default sc_title_default\"><h6 class=\"sc_item_subtitle sc_title_subtitle sc_align_center sc_item_title_style_default\">Soluciones innovadoras<\/h6><h1 class=\"sc_item_title sc_title_title sc_align_center sc_item_title_style_default sc_item_title_tag\">Estrategias personalizadas<\/h1><\/div><!-- \/.sc_title --><div class=\"vc_empty_space  height_tiny\"   style=\"height: 32px\"><span class=\"vc_empty_space_inner\"><\/span><\/div><div id=\"sc_title_1356994947\"\n\t\tclass=\"sc_title color_style_default sc_title_default\"><h3 class=\"sc_item_title sc_title_title sc_align_center sc_item_title_style_default sc_item_title_tag\">Para resolver sus problemas<\/h3><\/div><!-- \/.sc_title --><div class=\"vc_empty_space  vc_custom_1512646586891 height_small\"   style=\"height: 32px\"><span class=\"vc_empty_space_inner\"><\/span><\/div><div class=\"sc_item_button sc_button_wrap sc_align_center\"><a href=\"\/portal\/en\/contacts\/\" id=\"sc_button_2126752466\" class=\"sc_button color_style_default sc_button_default sc_button_size_normal sc_button_icon_left\"><span class=\"sc_button_text sc_align_center\"><span class=\"sc_button_title\">Cont\u00e1ctanos<\/span><\/span><!-- \/.sc_button_text --><\/a><!-- \/.sc_button --><\/div><!-- \/.sc_item_button --><div class=\"vc_empty_space  vc_custom_1512646616528 height_huge\"   style=\"height: 32px\"><span class=\"vc_empty_space_inner\"><\/span><\/div><\/div><\/div><\/div><\/div><div class=\"vc_row-full-width vc_clearfix\"><\/div><div class=\"vc_row wpb_row vc_row-fluid\"><div class=\"wpb_column vc_column_container vc_col-sm-12 sc_layouts_column_icons_position_left\"><div class=\"vc_column-inner\"><div class=\"wpb_wrapper\"><div id=\"sc_services_1496543558\" class=\"sc_services color_style_default sc_services_default sc_services_featured_top\"><div class=\"sc_services_columns_wrap sc_item_columns sc_item_columns_5 trx_addons_columns_wrap columns_padding_bottom\"><div class=\"trx_addons_column-1_5\"><div class=\"sc_services_item without_content with_icon sc_services_item_featured_top\">\n\t<a href=\"https:\/\/fgh.com.mx\/portal\/en\/services\/institucionalizacion\/\"\n\t\t\t\t id=\"sc_services_1496543558_icon-003-approach_1\"\n\t\t\t\t class=\"sc_services_item_icon icon-003-approach\"><\/a>\t\n\t<div class=\"sc_services_item_info\">\n\t\t<div class=\"sc_services_item_header\">\n\t\t\t<h6 class=\"sc_services_item_title\"><a href=\"https:\/\/fgh.com.mx\/portal\/en\/services\/institucionalizacion\/\">Institucionalizaci\u00f3n<\/a><\/h6>\n\t\t\t<div class=\"sc_services_item_subtitle\"><a href=\"https:\/\/fgh.com.mx\/portal\/en\/services_group\/welcome-to-us\/\" title=\"View all posts in Welcome To Us\">Welcome To Us<\/a><\/div>\n\t\t<\/div>\n\t\t\t\t<div class=\"sc_services_item_button sc_item_button cases_btn_row\"><a href=\"https:\/\/fgh.com.mx\/portal\/en\/services\/institucionalizacion\/\" class=\"cases_btn sc_services\">View Case<\/a><\/div>\n\t<\/div>\n<\/div>\n<\/div><div class=\"trx_addons_column-1_5\"><div class=\"sc_services_item without_content with_icon sc_services_item_featured_top\">\n\t<a href=\"https:\/\/fgh.com.mx\/portal\/en\/services\/proyectos_crecimiento_planes_negocio\/\"\n\t\t\t\t id=\"sc_services_1496543558_icon-007-idea_2\"\n\t\t\t\t class=\"sc_services_item_icon icon-007-idea\"><\/a>\t\n\t<div class=\"sc_services_item_info\">\n\t\t<div class=\"sc_services_item_header\">\n\t\t\t<h6 class=\"sc_services_item_title\"><a href=\"https:\/\/fgh.com.mx\/portal\/en\/services\/proyectos_crecimiento_planes_negocio\/\">Proyectos de crecimiento y Planes de Negocio<\/a><\/h6>\n\t\t\t<div class=\"sc_services_item_subtitle\"><a href=\"https:\/\/fgh.com.mx\/portal\/en\/services_group\/welcome-to-us\/\" title=\"View all posts in Welcome To Us\">Welcome To Us<\/a><\/div>\n\t\t<\/div>\n\t\t\t\t<div class=\"sc_services_item_button sc_item_button cases_btn_row\"><a href=\"https:\/\/fgh.com.mx\/portal\/en\/services\/proyectos_crecimiento_planes_negocio\/\" class=\"cases_btn sc_services\">View Case<\/a><\/div>\n\t<\/div>\n<\/div>\n<\/div><div class=\"trx_addons_column-1_5\"><div class=\"sc_services_item without_content with_icon sc_services_item_featured_top\">\n\t<a href=\"https:\/\/fgh.com.mx\/portal\/en\/services\/reestructuras-financieras\/\"\n\t\t\t\t id=\"sc_services_1496543558_icon-005-save-money_3\"\n\t\t\t\t class=\"sc_services_item_icon icon-005-save-money\"><\/a>\t\n\t<div class=\"sc_services_item_info\">\n\t\t<div class=\"sc_services_item_header\">\n\t\t\t<h6 class=\"sc_services_item_title\"><a href=\"https:\/\/fgh.com.mx\/portal\/en\/services\/reestructuras-financieras\/\">Reestructuras Financieras<\/a><\/h6>\n\t\t\t<div class=\"sc_services_item_subtitle\"><a href=\"https:\/\/fgh.com.mx\/portal\/en\/services_group\/welcome-to-us\/\" title=\"View all posts in Welcome To Us\">Welcome To Us<\/a><\/div>\n\t\t<\/div>\n\t\t\t\t<div class=\"sc_services_item_button sc_item_button cases_btn_row\"><a href=\"https:\/\/fgh.com.mx\/portal\/en\/services\/reestructuras-financieras\/\" class=\"cases_btn sc_services\">View Case<\/a><\/div>\n\t<\/div>\n<\/div>\n<\/div><div class=\"trx_addons_column-1_5\"><div class=\"sc_services_item without_content with_icon sc_services_item_featured_top\">\n\t<a href=\"https:\/\/fgh.com.mx\/portal\/en\/services\/reestructuras-operativas\/\"\n\t\t\t\t id=\"sc_services_1496543558_icon-006-customize_4\"\n\t\t\t\t class=\"sc_services_item_icon icon-006-customize\"><\/a>\t\n\t<div class=\"sc_services_item_info\">\n\t\t<div class=\"sc_services_item_header\">\n\t\t\t<h6 class=\"sc_services_item_title\"><a href=\"https:\/\/fgh.com.mx\/portal\/en\/services\/reestructuras-operativas\/\">Reestructuras Operativas<\/a><\/h6>\n\t\t\t<div class=\"sc_services_item_subtitle\"><a href=\"https:\/\/fgh.com.mx\/portal\/en\/services_group\/welcome-to-us\/\" title=\"View all posts in Welcome To Us\">Welcome To Us<\/a><\/div>\n\t\t<\/div>\n\t\t\t\t<div class=\"sc_services_item_button sc_item_button cases_btn_row\"><a href=\"https:\/\/fgh.com.mx\/portal\/en\/services\/reestructuras-operativas\/\" class=\"cases_btn sc_services\">View Case<\/a><\/div>\n\t<\/div>\n<\/div>\n<\/div><div class=\"trx_addons_column-1_5\"><div class=\"sc_services_item without_content with_icon sc_services_item_featured_top\">\n\t<a href=\"https:\/\/fgh.com.mx\/portal\/en\/services\/colocacion-accionaria\/\"\n\t\t\t\t id=\"sc_services_1496543558_icon-008-report_5\"\n\t\t\t\t class=\"sc_services_item_icon icon-008-report\"><\/a>\t\n\t<div class=\"sc_services_item_info\">\n\t\t<div class=\"sc_services_item_header\">\n\t\t\t<h6 class=\"sc_services_item_title\"><a href=\"https:\/\/fgh.com.mx\/portal\/en\/services\/colocacion-accionaria\/\">Colocaciones de Capital o Deuda<\/a><\/h6>\n\t\t\t<div class=\"sc_services_item_subtitle\"><a href=\"https:\/\/fgh.com.mx\/portal\/en\/services_group\/welcome-to-us\/\" title=\"View all posts in Welcome To Us\">Welcome To Us<\/a><\/div>\n\t\t<\/div>\n\t\t\t\t<div class=\"sc_services_item_button sc_item_button cases_btn_row\"><a href=\"https:\/\/fgh.com.mx\/portal\/en\/services\/colocacion-accionaria\/\" class=\"cases_btn sc_services\">View Case<\/a><\/div>\n\t<\/div>\n<\/div>\n<\/div><\/div><\/div><!-- \/.sc_services -->\n\t<div class=\"wpb_text_column wpb_content_element\" >\n\t\t<div class=\"wpb_wrapper\">\n\t\t\t<h2>Estructura Operativa<\/h2>\n\n\t\t<\/div>\n\t<\/div>\n<\/div><\/div><\/div><\/div><div class=\"vc_row wpb_row vc_row-fluid\"><div class=\"wpb_column vc_column_container vc_col-sm-12 sc_layouts_column_icons_position_left\"><div class=\"vc_column-inner\"><div class=\"wpb_wrapper\">\n\t<div class=\"wpb_raw_code wpb_raw_html wpb_content_element\" >\n\t\t<div class=\"wpb_wrapper\">\n\t\t\t   <style>\n        * {\n            margin: 0;\n            padding: 0;\n            box-sizing: border-box;\n        }\n\n       \n\n        .container {\n            max-width: 1400px;\n            margin: 0 auto;\n            background: rgba(255, 255, 255, 0.95);\n            border-radius: 20px;\n            padding: 40px;\n            box-shadow: 0 20px 40px rgba(0, 0, 0, 0.1);\n            backdrop-filter: blur(10px);\n        }\n\n        .header {\n            text-align: center;\n            margin-bottom: 50px;\n        }\n\n        .header h1 {\n            color: #2c3e50;\n            font-size: 2.5rem;\n            font-weight: 700;\n            margin-bottom: 10px;\n        }\n\n        .header p {\n            color: #7f8c8d;\n            font-size: 1.1rem;\n        }\n\n        .org-chart {\n            display: flex;\n            flex-direction: column;\n            align-items: center;\n            gap: 40px;\n        }\n\n        .level {\n            display: flex;\n            justify-content: center;\n            flex-wrap: wrap;\n            gap: 20px;\n            width: 100%;\n        }\n\n        .node {\n            background: linear-gradient(135deg, #667eea 0%, #242E6B 100%);\n            color: white;\n            padding: 20px 25px;\n            border-radius: 15px;\n            text-align: center;\n            min-width: 200px;\n            max-width: 250px;\n            box-shadow: 0 8px 25px rgba(0, 0, 0, 0.15);\n            transition: all 0.3s ease;\n            position: relative;\n            cursor: pointer;\n        }\n\n        .node:hover {\n            transform: translateY(-5px);\n            box-shadow: 0 15px 35px rgba(0, 0, 0, 0.2);\n        }\n\n        .node.central {\n            background: linear-gradient(135deg, #11998e 0%, #38ef7d 100%);\n            font-size: 1.3rem;\n            font-weight: 700;\n            min-width: 150px;\n            max-width: 150px;\n            min-height: 150px;\n            max-height: 150px;\n            border-radius: 50%;\n            display: flex;\n            align-items: center;\n            justify-content: center;\n        }\n\n        .node.support {\n            background: linear-gradient(135deg, #2B3070 0%, #7F7F7F 100%);\n            color: #2c3e50;\n            border: 2px solid #000000;\n        }\n\n        .node.governance {\n            \n            color: #2c3e50;\n            width: 100%;\n            max-width: 600px;\n            margin-top: 20px;\n            border: 2px solid #3498db;\n        }\n\n        .node h3 {\n            font-size: 1.5rem;\n            font-weight: 300;\n            margin-bottom: 8px;\n            line-height: 1.3;\n            color: #ffffff;\n        }\n\n        .node p {\n            font-size: 0.85rem;\n            opacity: 0.9;\n            line-height: 1.4;\n        }\n\n        .connections {\n            position: absolute;\n            top: 0;\n            left: 0;\n            width: 100%;\n            height: 100%;\n            pointer-events: none;\n            z-index: -1;\n        }\n\n        .connection-line {\n            position: absolute;\n            background: linear-gradient(90deg, #667eea, #764ba2);\n            height: 3px;\n            border-radius: 2px;\n            opacity: 0.6;\n        }\n\n        .section-title {\n            color: #2c3e50;\n            font-size: 2.4rem;\n            font-weight: 600;\n            margin-bottom: 20px;\n            text-align: center;\n            width: 100%;\n        }\n\n        .core-functions {\n            display: grid;\n            grid-template-columns: repeat(auto-fit, minmax(250px, 1fr));\n            gap: 20px;\n            width: 100%;\n            max-width: 1000px;\n        }\n\n        .support-functions {\n            display: grid;\n            grid-template-columns: repeat(auto-fit, minmax(250px, 1fr));\n            gap: 20px;\n            width: 100%;\n            max-width: 800px;\n        }\n\n        @media (max-width: 768px) {\n            .container {\n                padding: 20px;\n            }\n            \n            .header h1 {\n                font-size: 2rem;\n            }\n            \n            .node {\n                min-width: 180px;\n                max-width: 180px;\n            }\n            \n            .node.central {\n                min-width: 120px;\n                max-width: 120px;\n                min-height: 120px;\n                max-height: 120px;\n                font-size: 1.1rem;\n            }\n        }\n    <\/style>\n<\/head>\n<body>\n    <div class=\"container\">\n        <div class=\"header\">\n           <img decoding=\"async\" src=\"https:\/\/fgh.com.mx\/portal\/wp-content\/uploads\/2021\/02\/logo_fgh.jpg\" alt=\"Logo FGH\">\n        <\/div>\n\n        <div class=\"org-chart\">\n            \n            <!-- Funciones Core -->\n            <div class=\"section-title\">Funciones Principales<\/div>\n            <div class=\"core-functions\">\n                <div class=\"node\">\n                    <h3>Plan de Negocios y Planeaci\u00f3n Financiera<\/h3>\n                <\/div>\n                <div class=\"node\">\n                    <h3>Sistemas & Informaci\u00f3n, BI<\/h3>\n                <\/div>\n                <div class=\"node\">\n                    <h3>Contabilidad Financiera y Fiscal, Auditor\u00eda<\/h3>\n                <\/div>\n                <div class=\"node\">\n                    <h3>Ventas & Marketing<\/h3>\n                <\/div>\n                <div class=\"node\">\n                    <h3>Legal y Nuevos Negocios<\/h3>\n                <\/div>\n                <div class=\"node\">\n                    <h3>An\u00e1lisis de Riesgo y Aseguramiento de Riesgos<\/h3>\n                <\/div>\n                <div class=\"node\">\n                    <h3>Operaciones, Manufactura, Servicios, Recursos Humanos, Log\u00edstica<\/h3>\n                <\/div>\n            <\/div>\n\n            <!-- Funciones de Soporte -->\n            <div class=\"section-title\">Funciones de Soporte<\/div>\n            <div class=\"support-functions\">\n                <div class=\"node support\">\n                    <h3>Reestructura Financiera y de Pasivos Bancarios<\/h3>\n                <\/div>\n                <div class=\"node support\">\n                    <h3>Calidad y Certificaciones ISO, Seguridad Industrial<\/h3>\n                <\/div>\n                <div class=\"node support\">\n                    <h3>Reestructura Operativa<\/h3>\n                <\/div>\n                <div class=\"node support\">\n                    <h3>Relaciones con Banca Privada<\/h3>\n                <\/div>\n                <div class=\"node support\">\n                    <h3>Desarrollo de Propuestas de Financiamiento<\/h3>\n                <\/div>\n                <div class=\"node support\">\n                    <h3>B\u00fasqueda de Capital e Inversionistas Privados o Institucionales (Fondos)<\/h3>\n                <\/div>\n                <div class=\"node support\">\n                    <h3>Apertura de Nuevos Negocios en M\u00e9xico<\/h3>\n                <\/div>\n            <\/div>\n\n            <!-- Gobierno Corporativo -->\n            <div class=\"level\">\n                <div class=\"node governance\">\n                    <h3>Gobierno Corporativo y Consejo Consultivo<\/h3>\n                <\/div>\n            <\/div>\n        <\/div>\n    <\/div>\n\n    <script>\n        \/\/ A\u00f1adir efectos de hover interactivos\n        document.querySelectorAll('.node').forEach(node => {\n            node.addEventListener('mouseenter', function() {\n                this.style.transform = 'translateY(-8px) scale(1.02)';\n            });\n            \n            node.addEventListener('mouseleave', function() {\n                this.style.transform = 'translateY(0) scale(1)';\n            });\n        });\n\n        \/\/ Efecto de aparici\u00f3n gradual\n        window.addEventListener('load', function() {\n            const nodes = document.querySelectorAll('.node');\n            nodes.forEach((node, index) => {\n                node.style.opacity = '0';\n                node.style.transform = 'translateY(20px)';\n                \n                setTimeout(() => {\n                    node.style.transition = 'all 0.6s ease';\n                    node.style.opacity = '1';\n                    node.style.transform = 'translateY(0)';\n                }, index * 100);\n            });\n        });\n    <\/script>\n\t\t<\/div>\n\t<\/div>\n<\/div><\/div><\/div><\/div>\n<\/div>","protected":false},"excerpt":{"rendered":"Impulsando el desarrollo empresarial a trav\u00e9s de instrumentos financieros estrat\u00e9gicos En el din\u00e1mico entorno empresarial actual, las empresas que desean expandirse y asegurar una posici\u00f3n competitiva deben considerar diversas alternativas de financiamiento. Colocar capital o deuda constituye dos de las&hellip;","protected":false},"author":1,"featured_media":0,"parent":0,"menu_order":0,"comment_status":"closed","ping_status":"closed","template":"","meta":{"footnotes":""},"class_list":["post-718","page","type-page","status-publish","hentry"],"_links":{"self":[{"href":"https:\/\/fgh.com.mx\/portal\/en\/wp-json\/wp\/v2\/pages\/718","targetHints":{"allow":["GET"]}}],"collection":[{"href":"https:\/\/fgh.com.mx\/portal\/en\/wp-json\/wp\/v2\/pages"}],"about":[{"href":"https:\/\/fgh.com.mx\/portal\/en\/wp-json\/wp\/v2\/types\/page"}],"author":[{"embeddable":true,"href":"https:\/\/fgh.com.mx\/portal\/en\/wp-json\/wp\/v2\/users\/1"}],"replies":[{"embeddable":true,"href":"https:\/\/fgh.com.mx\/portal\/en\/wp-json\/wp\/v2\/comments?post=718"}],"version-history":[{"count":24,"href":"https:\/\/fgh.com.mx\/portal\/en\/wp-json\/wp\/v2\/pages\/718\/revisions"}],"predecessor-version":[{"id":1328,"href":"https:\/\/fgh.com.mx\/portal\/en\/wp-json\/wp\/v2\/pages\/718\/revisions\/1328"}],"wp:attachment":[{"href":"https:\/\/fgh.com.mx\/portal\/en\/wp-json\/wp\/v2\/media?parent=718"}],"curies":[{"name":"wp","href":"https:\/\/api.w.org\/{rel}","templated":true}]}}