{"id":106,"date":"2017-07-25T11:46:08","date_gmt":"2017-07-25T11:46:08","guid":{"rendered":"https:\/\/fgh.com.mx\/portal\/?page_id=106"},"modified":"2025-07-23T22:17:28","modified_gmt":"2025-07-23T22:17:28","slug":"contacts","status":"publish","type":"page","link":"https:\/\/fgh.com.mx\/portal\/en\/contacts\/","title":{"rendered":"Contact"},"content":{"rendered":"<div class=\"wpb-content-wrapper\"><div class=\"vc_row wpb_row vc_row-fluid vc_custom_1752867998367 vc_row-has-fill vc_column-gap-1\"><div class=\"wpb_column vc_column_container vc_col-sm-12 sc_layouts_column_icons_position_left\"><div class=\"vc_column-inner\"><div class=\"wpb_wrapper\"><div class=\"vc_empty_space  vc_custom_1512562505866 height_large\"   style=\"height: 32px\"><span class=\"vc_empty_space_inner\"><\/span><\/div><div class=\"vc_empty_space  height_tiny\"   style=\"height: 64px\"><span class=\"vc_empty_space_inner\"><\/span><\/div><div id=\"sc_icons_302353071\" \n\tclass=\"sc_icons sc_icons_default sc_icons_size_small sc_align_center\"><div class=\"sc_icons_columns_wrap sc_item_columns trx_addons_columns_wrap columns_padding_bottom\"><div class=\"trx_addons_column-1_4\"><div class=\"sc_icons_item\"><div id=\"sc_icons_302353071_icon-012---phone\" class=\"sc_icons_icon sc_icon_type_ icon-012---phone\"\n\t\t\t\t\t\t\t\t\t\t\t\t><span class=\"sc_icon_type_ icon-012---phone\"><\/span><\/div><h4 class=\"sc_icons_item_title\"><span>Ll\u00e1manos:<\/span><\/h4><div class=\"sc_icons_item_description\"><span><a href=\"tel:523321010601\">+52 33 2101 0601 <\/a><\/span><\/div><\/div><\/div><div class=\"trx_addons_column-1_4\"><div class=\"sc_icons_item\"><div id=\"sc_icons_302353071_icon-011---message\" class=\"sc_icons_icon sc_icon_type_ icon-011---message\"\n\t\t\t\t\t\t\t\t\t\t\t\t><span class=\"sc_icon_type_ icon-011---message\"><\/span><\/div><h4 class=\"sc_icons_item_title\"><span>Escr\u00edbanos:<\/span><\/h4><div class=\"sc_icons_item_description\"><span><a href=\"mailto:jjfranco@fgh.com.mx\">contacto@fgh.com.mx<\/a><\/span><\/div><\/div><\/div><div class=\"trx_addons_column-1_4\"><div class=\"sc_icons_item\"><div id=\"sc_icons_302353071_icon-010---map\" class=\"sc_icons_icon sc_icon_type_ icon-010---map\"\n\t\t\t\t\t\t\t\t\t\t\t\t><span class=\"sc_icon_type_ icon-010---map\"><\/span><\/div><h4 class=\"sc_icons_item_title\"><span>Direcci\u00f3n:<\/span><\/h4><div class=\"sc_icons_item_description\"><span>Av. Americas 1254 Piso 10, Col Country Club, Guadalajara, Jalisco C.P. 44630<\/span><\/div><\/div><\/div><div class=\"trx_addons_column-1_4\"><div class=\"sc_icons_item\"><div id=\"sc_icons_302353071_icon-019_hours\" class=\"sc_icons_icon sc_icon_type_ icon-019_hours\"\n\t\t\t\t\t\t\t\t\t\t\t\t><span class=\"sc_icon_type_ icon-019_hours\"><\/span><\/div><h4 class=\"sc_icons_item_title\"><span>Horario:<\/span><\/h4><div class=\"sc_icons_item_description\"><span>Lunes a Viernes<\/span><span>9:00 am - 7:00 pm<\/span><\/div><\/div><\/div><\/div><\/div><!-- \/.sc_icons --><div class=\"vc_empty_space  height_tiny\"   style=\"height: 64px\"><span class=\"vc_empty_space_inner\"><\/span><\/div><div class=\"vc_empty_space  vc_custom_1512562611345 hide_on_mobile height_huge\"   style=\"height: 32px\"><span class=\"vc_empty_space_inner\"><\/span><\/div><\/div><\/div><\/div><\/div><div class=\"vc_row wpb_row vc_row-fluid vc_row-o-equal-height vc_row-o-content-middle vc_row-flex\"><div class=\"wpb_column vc_column_container vc_col-sm-12 sc_layouts_column_icons_position_left\"><div class=\"vc_column-inner\"><div class=\"wpb_wrapper\"><div class=\"sc_content_wrap sc_push_large sc_push_hide_on_mobile\"><div id=\"sc_content_1878660172\"\n\t\tclass=\"sc_content color_style_default sc_content_default sc_float_center\"><div class=\"sc_content_container\"><div class=\"vc_row wpb_row vc_inner vc_row-fluid box-shadow vc_custom_1512566398718 vc_row-has-fill vc_row-o-equal-height vc_row-o-content-middle vc_row-flex\"><div class=\"wpb_column vc_column_container vc_col-sm-6 sc_layouts_column_icons_position_left\"><div class=\"vc_column-inner vc_custom_1512566151910\"><div class=\"wpb_wrapper\"><div class=\"vc_empty_space  vc_custom_1513930654686\"   style=\"height: 0px\"><span class=\"vc_empty_space_inner\"><\/span><\/div>\n\t<div  class=\"wpb_single_image wpb_content_element vc_align_left wpb_content_element\">\n\t\t\n\t\t<figure class=\"wpb_wrapper vc_figure\">\n\t\t\t<div class=\"vc_single_image-wrapper   vc_box_border_grey\"><img loading=\"lazy\" decoding=\"async\" width=\"638\" height=\"786\" src=\"https:\/\/fgh.com.mx\/portal\/wp-content\/uploads\/2017\/07\/bg-9.jpg\" class=\"vc_single_image-img attachment-full\" alt=\"\" title=\"bg-9\" srcset=\"https:\/\/fgh.com.mx\/portal\/wp-content\/uploads\/2017\/07\/bg-9.jpg 638w, https:\/\/fgh.com.mx\/portal\/wp-content\/uploads\/2017\/07\/bg-9-244x300.jpg 244w, https:\/\/fgh.com.mx\/portal\/wp-content\/uploads\/2017\/07\/bg-9-370x456.jpg 370w\" sizes=\"auto, (max-width: 638px) 100vw, 638px\" \/><\/div>\n\t\t<\/figure>\n\t<\/div>\n<\/div><\/div><\/div><div class=\"wpb_column vc_column_container vc_col-sm-6 sc_layouts_column_icons_position_left\"><div class=\"vc_column-inner vc_custom_1512566835870\"><div class=\"wpb_wrapper\"><div class=\"vc_empty_space  vc_custom_1512565396908 height_tiny\"   style=\"height: 32px\"><span class=\"vc_empty_space_inner\"><\/span><\/div><div id=\"sc_title_1619966022\"\n\t\tclass=\"sc_title color_style_default sc_title_alter\"><h6 class=\"sc_item_subtitle sc_title_subtitle sc_align_left sc_item_title_style_alter\">Cont\u00e1ctanos<\/h6><h3 class=\"sc_item_title sc_title_title sc_align_left sc_item_title_style_alter sc_item_title_tag\">\u00bfC\u00f3mo podemos ayudar?<\/h3><\/div><!-- \/.sc_title --><div class=\"vc_empty_space  vc_custom_1512567049150 height_tiny\"   style=\"height: 32px\"><span class=\"vc_empty_space_inner\"><\/span><\/div>\n<div class=\"wpcf7 no-js\" id=\"wpcf7-f36-o1\" lang=\"en-US\" dir=\"ltr\" data-wpcf7-id=\"36\">\n<div class=\"screen-reader-response\"><p role=\"status\" aria-live=\"polite\" aria-atomic=\"true\"><\/p> <ul><\/ul><\/div>\n<form action=\"\/portal\/en\/wp-json\/wp\/v2\/pages\/106#wpcf7-f36-o1\" method=\"post\" class=\"wpcf7-form init\" aria-label=\"Contact form\" novalidate=\"novalidate\" data-status=\"init\" data-trp-original-action=\"\/portal\/en\/wp-json\/wp\/v2\/pages\/106#wpcf7-f36-o1\">\n<fieldset class=\"hidden-fields-container\"><input type=\"hidden\" name=\"_wpcf7\" value=\"36\" \/><input type=\"hidden\" name=\"_wpcf7_version\" value=\"6.1.5\" \/><input type=\"hidden\" name=\"_wpcf7_locale\" value=\"en_US\" \/><input type=\"hidden\" name=\"_wpcf7_unit_tag\" value=\"wpcf7-f36-o1\" \/><input type=\"hidden\" name=\"_wpcf7_container_post\" value=\"0\" \/><input type=\"hidden\" name=\"_wpcf7_posted_data_hash\" value=\"\" \/>\n<\/fieldset>\n<p><span class=\"wpcf7-form-control-wrap\" data-name=\"your-name\"><input size=\"40\" maxlength=\"400\" class=\"wpcf7-form-control wpcf7-text wpcf7-validates-as-required\" aria-required=\"true\" aria-invalid=\"false\" placeholder=\"Tu nombre*\" value=\"\" type=\"text\" name=\"your-name\" \/><\/span>\n<\/p>\n<p><span class=\"wpcf7-form-control-wrap\" data-name=\"your-email\"><input size=\"40\" maxlength=\"400\" class=\"wpcf7-form-control wpcf7-email wpcf7-validates-as-required wpcf7-text wpcf7-validates-as-email\" aria-required=\"true\" aria-invalid=\"false\" placeholder=\"Email*\" value=\"\" type=\"email\" name=\"your-email\" \/><\/span>\n<\/p>\n<p><span class=\"wpcf7-form-control-wrap\" data-name=\"your-message\"><textarea cols=\"40\" rows=\"10\" maxlength=\"2000\" class=\"wpcf7-form-control wpcf7-textarea\" aria-invalid=\"false\" placeholder=\"Como podemos ayudarte?\" name=\"your-message\"><\/textarea><\/span>\n<\/p>\n<p><span class=\"wpcf7-form-control-wrap\" data-name=\"acceptance-157\"><span class=\"wpcf7-form-control wpcf7-acceptance\"><span class=\"wpcf7-list-item\"><label><input type=\"checkbox\" name=\"acceptance-157\" value=\"1\" aria-invalid=\"false\" \/><span class=\"wpcf7-list-item-label\">Acepto que los datos enviados se recopilen y almacenen.<\/span><\/label><\/span><\/span><\/span>\n<\/p>\n<p><input class=\"wpcf7-form-control wpcf7-submit has-spinner\" type=\"submit\" value=\"Enviar consulta\" \/>\n<\/p><div class=\"wpcf7-response-output\" aria-hidden=\"true\"><\/div>\n<input type=\"hidden\" name=\"trp-form-language\" value=\"en\"\/><\/form>\n<\/div>\n<div class=\"vc_empty_space  vc_custom_1513930262300\"   style=\"height: 0px\"><span class=\"vc_empty_space_inner\"><\/span><\/div><\/div><\/div><\/div><\/div><\/div><\/div><!-- \/.sc_content --><\/div><!-- \/.sc_content_wrap --><\/div><\/div><\/div><\/div><div data-vc-full-width=\"true\" data-vc-full-width-temp=\"true\" data-vc-full-width-init=\"false\" data-vc-stretch-content=\"true\" class=\"vc_row wpb_row vc_row-fluid vc_row-no-padding\"><div class=\"wpb_column vc_column_container vc_col-sm-12 sc_layouts_column_icons_position_left\"><div class=\"vc_column-inner\"><div class=\"wpb_wrapper\"><div class=\"vc_empty_space  vc_custom_1512567083190 height_large\"   style=\"height: 32px\"><span class=\"vc_empty_space_inner\"><\/span><\/div><div id=\"sc_googlemap_427020948_wrap\" class=\"sc_googlemap_wrap\"><div id=\"sc_googlemap_427020948\"\n\t\t\tclass=\"sc_googlemap sc_googlemap_default\"\n\t\t\t style=\"width:100%;height:518px;\"\t\t\tdata-zoom=\"10\"\n\t\t\tdata-style=\"dark\"\n\t\t\tdata-cluster-icon=\"\"\n\t\t\t><iframe\n\t\t\t\t\tsrc=\"https:\/\/maps.google.com\/maps?t=m&output=embed&iwloc=near&z=10&q=Av.+Americas+1254%2C+Col+Country+Club+Guadalajara%2C+Jalisco+C.P.+44630\"\n\t\t\t\t\taria-label=\"\"><\/iframe><\/div><\/div><!-- \/.sc_googlemap_wrap --><\/div><\/div><\/div><\/div><div class=\"vc_row-full-width vc_clearfix\"><\/div>\n<\/div>","protected":false},"excerpt":{"rendered":"Ll\u00e1manos:+52 33 2101 0601 Escr\u00edbanos:contacto@fgh.com.mxDirecci\u00f3n:Av. Americas 1254 Piso 10, Col Country Club, Guadalajara, Jalisco C.P. 44630Horario:Lunes a Viernes9:00 am - 7:00 pm Cont\u00e1ctanos\u00bfC\u00f3mo podemos ayudar? Acepto que los datos enviados se recopilen y almacenen.","protected":false},"author":1,"featured_media":0,"parent":0,"menu_order":0,"comment_status":"closed","ping_status":"closed","template":"","meta":{"footnotes":""},"class_list":["post-106","page","type-page","status-publish","hentry"],"_links":{"self":[{"href":"https:\/\/fgh.com.mx\/portal\/en\/wp-json\/wp\/v2\/pages\/106","targetHints":{"allow":["GET"]}}],"collection":[{"href":"https:\/\/fgh.com.mx\/portal\/en\/wp-json\/wp\/v2\/pages"}],"about":[{"href":"https:\/\/fgh.com.mx\/portal\/en\/wp-json\/wp\/v2\/types\/page"}],"author":[{"embeddable":true,"href":"https:\/\/fgh.com.mx\/portal\/en\/wp-json\/wp\/v2\/users\/1"}],"replies":[{"embeddable":true,"href":"https:\/\/fgh.com.mx\/portal\/en\/wp-json\/wp\/v2\/comments?post=106"}],"version-history":[{"count":12,"href":"https:\/\/fgh.com.mx\/portal\/en\/wp-json\/wp\/v2\/pages\/106\/revisions"}],"predecessor-version":[{"id":1205,"href":"https:\/\/fgh.com.mx\/portal\/en\/wp-json\/wp\/v2\/pages\/106\/revisions\/1205"}],"wp:attachment":[{"href":"https:\/\/fgh.com.mx\/portal\/en\/wp-json\/wp\/v2\/media?parent=106"}],"curies":[{"name":"wp","href":"https:\/\/api.w.org\/{rel}","templated":true}]}}